{"id":14,"date":"2023-07-18T11:24:56","date_gmt":"2023-07-18T11:24:56","guid":{"rendered":"https:\/\/salvusmedeco.nacar.dev\/?page_id=14"},"modified":"2025-09-23T09:18:06","modified_gmt":"2025-09-23T07:18:06","slug":"kontakty","status":"publish","type":"page","link":"https:\/\/www.salvusmedeco.cz\/?page_id=14","title":{"rendered":"Kontakty"},"content":{"rendered":"\n<div class=\"wp-block-group main-container\"><div class=\"wp-block-group__inner-container is-layout-constrained wp-block-group-is-layout-constrained\">\n<p>V\u00e1\u017een\u00e9 pacientky, v\u00e1\u017een\u00ed pacienti,<\/p>\n\n\n\n<p>up\u0159ednost\u0148ujeme pro objedn\u00e1v\u00e1n\u00ed term\u00edn\u016f vy\u0161et\u0159en\u00ed a objedn\u00e1vky recept\u016f elektronickou komunikaci.<\/p>\n\n\n\n<p>Pos\u00edl\u00e1me informa\u010dn\u00ed mail s term\u00ednem Va\u0161\u00ed objednan\u00e9 kontroly.<\/p>\n\n\n\n<p>P\u0159ed ka\u017edou kontrolou se pros\u00edm objednejte na odb\u011br krve k n\u00e1m nebo se \u017e\u00e1dankou od n\u00e1s b\u011b\u017ete na odb\u011br do laborato\u0159e, kterou m\u00e1te nejbl\u00ed\u017ee. Pro \u017e\u00e1danku se m\u016f\u017eete zastavit kdykoliv v ordina\u010dn\u00edch hodin\u00e1ch, m\u016f\u017eete n\u011bkoho poslat nebo pros\u00edm po\u0161lete ob\u00e1lku s adresou a zn\u00e1mkou a formul\u00e1\u0159 V\u00e1m za\u0161leme.<\/p>\n<\/div><\/div>\n\n\n\n<div class=\"wp-block-group main-container\"><div class=\"wp-block-group__inner-container is-layout-constrained wp-block-group-is-layout-constrained\">\n<div class=\"wp-block-columns is-layout-flex wp-container-core-columns-is-layout-9d6595d7 wp-block-columns-is-layout-flex\">\n<div class=\"wp-block-column map-ignore-margins is-layout-flow wp-block-column-is-layout-flow\">\n<iframe src=\"https:\/\/www.google.com\/maps\/embed?pb=!1m14!1m8!1m3!1d3129.4837936049216!2d17.27200812770035!3d49.59092032884662!3m2!1i1024!2i768!4f13.1!3m3!1m2!1s0x47124e811ff0d071%3A0xbd79c2340b1b3ab7!2sMUDr.%20Hana%20%C5%A0arapatkov%C3%A1!5e0!3m2!1scs!2scz!4v1689628279716!5m2!1scs!2scz\" height=100% width=100% style=\"border:0;\" allowfullscreen=\"\" loading=\"lazy\" referrerpolicy=\"no-referrer-when-downgrade\"><\/iframe>\n<\/div>\n\n\n\n<div class=\"wp-block-column is-layout-flow wp-block-column-is-layout-flow\">\n<h3 class=\"wp-block-heading\"><strong>SALVUS MEDECO s.r.o.<\/strong> <\/h3>\n\n\n\n<p>Jungmannova 1075\/8<br>779 00 Olomouc&nbsp;<\/p>\n\n\n\n<h4 class=\"wp-block-heading\">Kontakt<\/h4>\n\n\n\n<div class=\"wp-block-columns is-layout-flex wp-container-core-columns-is-layout-9d6595d7 wp-block-columns-is-layout-flex\">\n<div class=\"wp-block-column is-layout-flow wp-block-column-is-layout-flow\">\n<div class=\"wp-block-group is-layout-grid wp-container-core-group-is-layout-baef362d wp-block-group-is-layout-grid\">\n<p>Telefon<\/p>\n\n\n\n<p class=\"wp-container-content-1b8dee80\">585&nbsp;414 620<\/p>\n\n\n\n<p>Email<\/p>\n\n\n\n<p class=\"wp-container-content-1b8dee80\"><a href=\"mailto:salvus.medeco@seznam.cz\">salvus.medeco@seznam.cz<\/a><\/p>\n<\/div>\n<\/div>\n<\/div>\n\n\n\n<h4 class=\"wp-block-heading\">Informace o spole\u010dnosti<\/h4>\n\n\n\n<p>Spole\u010dnost s ru\u010den\u00edm omezen\u00fdm zapsan\u00e1 v obchodn\u00edm rejst\u0159\u00edku veden\u00e9m Krajsk\u00fdm soudem v Ostrav\u011b, v odd\u00edle C, vlo\u017ece \u010d\u00edslo 42038<br>I\u010c: 27817687<br>Bankovn\u00ed spojen\u00ed: \u010cSOB, \u010d\u00edslo \u00fa\u010dtu: 216497378\/0300<br>Nejsme pl\u00e1tci DPH<\/p>\n\n\n\n<div class=\"wp-block-group inside-container\"><div class=\"wp-block-group__inner-container is-layout-constrained wp-block-group-is-layout-constrained\">\n<h4 class=\"wp-block-heading\">Otev\u00edrac\u00ed doba ordinace<\/h4>\n\n\n\n<div class=\"wptb-table-container wptb-table-44\"><div class=\"wptb-table-container-matrix\" id=\"wptb-table-id-44\" data-wptb-version=\"1.6.4\" data-wptb-pro-status=\"false\"><table class=\"wptb-preview-table wptb-element-main-table_setting-44\" style=\"border-spacing: 3px 3px; border-collapse:  !important; min-width: 100%; border: 1px solid rgb(66, 70, 86); \" data-border-spacing-columns=\"3\" data-border-spacing-rows=\"3\" data-reconstraction=\"1\" data-wptb-responsive-directives=\"eyJyZXNwb25zaXZlRW5hYmxlZCI6ZmFsc2UsInJlc3BvbnNpdmVNb2RlIjoiYXV0byIsInByZXNlcnZlUm93Q29sb3IiOmZhbHNlLCJyZWxhdGl2ZVdpZHRoIjoid2luZG93IiwiaGVhZGVyRnVsbHlNZXJnZWQiOmZhbHNlLCJtb2RlT3B0aW9ucyI6eyJhdXRvIjp7ImRpc2FibGVkIjp7ImRlc2t0b3AiOmZhbHNlLCJ0YWJsZXQiOmZhbHNlLCJtb2JpbGUiOmZhbHNlfSwidG9wUm93QXNIZWFkZXIiOnsiZGVza3RvcCI6ZmFsc2UsInRhYmxldCI6dHJ1ZSwibW9iaWxlIjp0cnVlfSwicmVwZWF0TWVyZ2VkSGVhZGVyIjp7ImRlc2t0b3AiOnRydWUsInRhYmxldCI6dHJ1ZSwibW9iaWxlIjp0cnVlfSwic3RhdGljVG9wUm93Ijp7ImRlc2t0b3AiOmZhbHNlLCJ0YWJsZXQiOmZhbHNlLCJtb2JpbGUiOmZhbHNlfSwiY2VsbFN0YWNrRGlyZWN0aW9uIjp7ImRlc2t0b3AiOiJyb3ciLCJ0YWJsZXQiOiJjb2x1bW4iLCJtb2JpbGUiOiJyb3cifSwiY2VsbHNQZXJSb3ciOnsiZGVza3RvcCI6MSwidGFibGV0IjoxLCJtb2JpbGUiOjF9fX0sImJyZWFrcG9pbnRzIjp7ImRlc2t0b3AiOnsibmFtZSI6ImRlc2t0b3AiLCJ3aWR0aCI6MTAyNH0sInRhYmxldCI6eyJuYW1lIjoidGFibGV0Iiwid2lkdGgiOjcwMH0sIm1vYmlsZSI6eyJuYW1lIjoibW9iaWxlIiwid2lkdGgiOjMwMH19fQ==\" data-wptb-cells-width-auto-count=\"4\" data-wptb-horizontal-scroll-status=\"false\" data-wptb-extra-styles=\"LyogRW50ZXIgeW91ciBjdXN0b20gQ1NTIHJ1bGVzIGhlcmUgKi8=\" data-wptb-pro-pagination-top-row-header=\"false\" data-wptb-rows-per-page=\"10\" data-wptb-pro-search-top-row-header=\"false\" data-wptb-searchbar-position=\"left\" role=\"table\" data-table-columns=\"4\" data-wptb-table-alignment=\"center\" data-wptb-td-width-auto=\"10\" data-wptb-table-tds-sum-max-width=\"61\" data-wptb-header-background-color=\"#424656FF\" data-wptb-even-row-background-color=\"#424656FF\" data-wptb-odd-row-background-color=\"#424656FF\"><tbody data-global-font-color=\"#000000\" data-global-link-color=\"#000000\" data-global-font-size=\"15\"><tr class=\"wptb-row \" style=\"background-color: rgb(66, 70, 86); \"><td class=\"wptb-cell \" style=\"padding: 2px; border: 1px solid rgb(66, 70, 86); \" data-y-index=\"0\" data-x-index=\"0\" data-wptb-css-td-auto-width=\"true\" data-wptb-cell-vertical-alignment=\"center\"><div class=\"wptb-text-container wptb-ph-element wptb-element-text-597\" style=\"color: rgb(255, 255, 255); font-size: 16px; \"><div style=\"position: relative;\"><p>Po<\/p>\n<\/div><\/div><\/td><td class=\"wptb-cell \" style=\"padding: 2px; border: 1px solid rgb(66, 70, 86); \" data-y-index=\"0\" data-x-index=\"1\" data-wptb-css-td-auto-width=\"true\" data-wptb-cell-vertical-alignment=\"center\"><div class=\"wptb-text-container wptb-ph-element wptb-element-text-598\" style=\"color: rgb(255, 255, 255); font-size: 16px; \"><div style=\"position: relative;\"><p style=\"text-align: center;\">8:00<\/p>\n<\/div><\/div><\/td><td class=\"wptb-cell \" style=\"padding: 2px; border: 1px solid rgb(66, 70, 86); \" data-y-index=\"0\" data-x-index=\"2\" data-wptb-css-td-auto-width=\"true\" data-wptb-cell-vertical-alignment=\"center\"><div class=\"wptb-text-container wptb-ph-element wptb-element-text-599\" style=\"color: rgb(255, 255, 255); font-size: 16px; \"><div style=\"position: relative;\"><p style=\"text-align: center;\">-<\/p>\n<\/div><\/div><\/td><td class=\"wptb-cell \" style=\"padding: 2px; border: 1px solid rgb(66, 70, 86); \" data-y-index=\"0\" data-x-index=\"3\" data-wptb-css-td-auto-width=\"true\" data-wptb-cell-vertical-alignment=\"center\"><div class=\"wptb-text-container wptb-ph-element wptb-element-text-600\" style=\"color: rgb(255, 255, 255); font-size: 16px; \"><div style=\"position: relative;\"><p style=\"text-align: center;\">18:00<\/p>\n<\/div><\/div><\/td><\/tr><tr class=\"wptb-row \" style=\"background-color: rgb(66, 70, 86); \"><td class=\"wptb-cell \" style=\"padding: 2px; border: 1px solid rgb(66, 70, 86); \" data-y-index=\"1\" data-x-index=\"0\" data-wptb-css-td-auto-width=\"true\" data-wptb-cell-vertical-alignment=\"center\"><div class=\"wptb-text-container wptb-ph-element wptb-element-text-601\" style=\"color: rgb(255, 255, 255); font-size: 16px; \"><div style=\"position: relative;\"><p>Ut<\/p><p><\/p>\n<\/div><\/div><\/td><td class=\"wptb-cell \" style=\"padding: 2px; border: 1px solid rgb(66, 70, 86); \" data-y-index=\"1\" data-x-index=\"1\" data-wptb-css-td-auto-width=\"true\" data-wptb-cell-vertical-alignment=\"center\"><div class=\"wptb-text-container wptb-ph-element wptb-element-text-602\" style=\"color: rgb(255, 255, 255); font-size: 16px; \"><div style=\"position: relative;\"><p style=\"text-align: center;\">8:00<\/p>\n<\/div><\/div><\/td><td class=\"wptb-cell \" style=\"padding: 2px; border: 1px solid rgb(66, 70, 86); \" data-y-index=\"1\" data-x-index=\"2\" data-wptb-css-td-auto-width=\"true\" data-wptb-cell-vertical-alignment=\"center\"><div class=\"wptb-text-container wptb-ph-element wptb-element-text-603\" style=\"color: rgb(255, 255, 255); font-size: 16px; \"><div style=\"position: relative;\"><p style=\"text-align: center;\">-<\/p>\n<\/div><\/div><\/td><td class=\"wptb-cell \" style=\"padding: 2px; border: 1px solid rgb(66, 70, 86); \" data-y-index=\"1\" data-x-index=\"3\" data-wptb-css-td-auto-width=\"true\" data-wptb-cell-vertical-alignment=\"center\"><div class=\"wptb-text-container wptb-ph-element wptb-element-text-604\" style=\"color: rgb(255, 255, 255); font-size: 16px; \"><div style=\"position: relative;\"><p style=\"text-align: center;\">16:00<\/p>\n<\/div><\/div><\/td><\/tr><tr class=\"wptb-row \" style=\"background-color: rgb(66, 70, 86); \"><td class=\"wptb-cell \" style=\"padding: 2px; border: 1px solid rgb(66, 70, 86); \" data-y-index=\"2\" data-x-index=\"0\" data-wptb-css-td-auto-width=\"true\" data-wptb-cell-vertical-alignment=\"center\"><div class=\"wptb-text-container wptb-ph-element wptb-element-text-605\" style=\"color: rgb(255, 255, 255); font-size: 16px; \"><div style=\"position: relative;\"><p>St<\/p>\n<\/div><\/div><\/td><td class=\"wptb-cell \" style=\"padding: 2px; border: 1px solid rgb(66, 70, 86); \" data-y-index=\"2\" data-x-index=\"1\" data-wptb-css-td-auto-width=\"true\" data-wptb-cell-vertical-alignment=\"center\"><div class=\"wptb-text-container wptb-ph-element wptb-element-text-606\" style=\"color: rgb(255, 255, 255); font-size: 16px; \"><div style=\"position: relative;\"><p style=\"text-align: center;\">8:00<\/p>\n<\/div><\/div><\/td><td class=\"wptb-cell \" style=\"padding: 2px; border: 1px solid rgb(66, 70, 86); \" data-y-index=\"2\" data-x-index=\"2\" data-wptb-css-td-auto-width=\"true\" data-wptb-cell-vertical-alignment=\"center\"><div class=\"wptb-text-container wptb-ph-element wptb-element-text-607\" style=\"color: rgb(255, 255, 255); font-size: 16px; \"><div style=\"position: relative;\"><p style=\"text-align: center;\">-<\/p>\n<\/div><\/div><\/td><td class=\"wptb-cell \" style=\"padding: 2px; border: 1px solid rgb(66, 70, 86); \" data-y-index=\"2\" data-x-index=\"3\" data-wptb-css-td-auto-width=\"true\" data-wptb-cell-vertical-alignment=\"center\"><div class=\"wptb-text-container wptb-ph-element wptb-element-text-608\" style=\"color: rgb(255, 255, 255); font-size: 16px; \"><div style=\"position: relative;\"><p style=\"text-align: center;\">15:00<\/p>\n<\/div><\/div><\/td><\/tr><tr class=\"wptb-row \" style=\"background-color: rgb(66, 70, 86); \"><td class=\"wptb-cell \" style=\"padding: 2px; border: 1px solid rgb(66, 70, 86); \" data-y-index=\"3\" data-x-index=\"0\" data-wptb-css-td-auto-width=\"true\" data-wptb-cell-vertical-alignment=\"center\"><div class=\"wptb-text-container wptb-ph-element wptb-element-text-609\" style=\"color: rgb(255, 255, 255); font-size: 16px; \"><div style=\"position: relative;\"><p>Ct<\/p>\n<\/div><\/div><\/td><td class=\"wptb-cell \" style=\"padding: 2px; border: 1px solid rgb(66, 70, 86); \" data-y-index=\"3\" data-x-index=\"1\" data-wptb-css-td-auto-width=\"true\" data-wptb-cell-vertical-alignment=\"center\"><div class=\"wptb-text-container wptb-ph-element wptb-element-text-610\" style=\"color: rgb(255, 255, 255); font-size: 16px; \"><div style=\"position: relative;\"><p style=\"text-align: center;\">8:00<\/p>\n<\/div><\/div><\/td><td class=\"wptb-cell \" style=\"padding: 2px; border: 1px solid rgb(66, 70, 86); \" data-y-index=\"3\" data-x-index=\"2\" data-wptb-css-td-auto-width=\"true\" data-wptb-cell-vertical-alignment=\"center\"><div class=\"wptb-text-container wptb-ph-element wptb-element-text-611\" style=\"color: rgb(255, 255, 255); font-size: 16px; \"><div style=\"position: relative;\"><p style=\"text-align: center;\">-<\/p>\n<\/div><\/div><\/td><td class=\"wptb-cell \" style=\"padding: 2px; border: 1px solid rgb(66, 70, 86); \" data-y-index=\"3\" data-x-index=\"3\" data-wptb-css-td-auto-width=\"true\" data-wptb-cell-vertical-alignment=\"center\"><div class=\"wptb-text-container wptb-ph-element wptb-element-text-612\" style=\"color: rgb(255, 255, 255); font-size: 16px; \"><div style=\"position: relative;\"><p style=\"text-align: center;\">18:00<\/p>\n<\/div><\/div><\/td><\/tr><tr class=\"wptb-row \" style=\"background-color: rgb(66, 70, 86); \"><td class=\"wptb-cell \" style=\"padding: 2px; border: 1px solid rgb(66, 70, 86); \" data-y-index=\"4\" data-x-index=\"0\" data-wptb-css-td-auto-width=\"true\" data-wptb-cell-vertical-alignment=\"center\"><div class=\"wptb-text-container wptb-ph-element wptb-element-text-613\" style=\"color: rgb(255, 255, 255); font-size: 16px; \"><div style=\"position: relative;\"><p>Pa<\/p>\n<\/div><\/div><\/td><td class=\"wptb-cell \" style=\"padding: 2px; border: 1px solid rgb(66, 70, 86); \" data-y-index=\"4\" data-x-index=\"1\" data-wptb-css-td-auto-width=\"true\" data-wptb-cell-vertical-alignment=\"center\"><div class=\"wptb-text-container wptb-ph-element wptb-element-text-614\" style=\"color: rgb(255, 255, 255); font-size: 16px; \"><div style=\"position: relative;\"><p style=\"text-align: center;\">8:00<\/p>\n<\/div><\/div><\/td><td class=\"wptb-cell \" style=\"padding: 2px; border: 1px solid rgb(66, 70, 86); \" data-y-index=\"4\" data-x-index=\"2\" data-wptb-css-td-auto-width=\"true\" data-wptb-cell-vertical-alignment=\"center\"><div class=\"wptb-text-container wptb-ph-element wptb-element-text-615\" style=\"color: rgb(255, 255, 255); font-size: 16px; \"><div style=\"position: relative;\"><p style=\"text-align: center;\">-<\/p>\n<\/div><\/div><\/td><td class=\"wptb-cell \" style=\"padding: 2px; border: 1px solid rgb(66, 70, 86); \" data-y-index=\"4\" data-x-index=\"3\" data-wptb-css-td-auto-width=\"true\" data-wptb-cell-vertical-alignment=\"center\"><div class=\"wptb-text-container wptb-ph-element wptb-element-text-616\" style=\"color: rgb(255, 255, 255); font-size: 16px; \"><div style=\"position: relative;\"><p style=\"text-align: center;\">13:00<\/p>\n<\/div><\/div><\/td><\/tr><\/tbody><\/table><\/div><\/div>\n\n\n\n\n<p><strong>Odb\u011bry denn\u011b\u00a0 \u2013 po p\u0159edchoz\u00edm objedn\u00e1n\u00ed \u2013\u00a0v 7,30<\/strong><\/p>\n<\/div><\/div>\n<\/div>\n<\/div>\n<\/div><\/div>\n","protected":false},"excerpt":{"rendered":"<p>V\u00e1\u017een\u00e9 pacientky, v\u00e1\u017een\u00ed pacienti, up\u0159ednost\u0148ujeme pro objedn\u00e1v\u00e1n\u00ed term\u00edn\u016f vy\u0161et\u0159en\u00ed a objedn\u00e1vky recept\u016f elektronickou komunikaci. Pos\u00edl\u00e1me informa\u010dn\u00ed mail s term\u00ednem Va\u0161\u00ed objednan\u00e9 kontroly. P\u0159ed ka\u017edou kontrolou se pros\u00edm objednejte na odb\u011br krve k n\u00e1m nebo se \u017e\u00e1dankou od n\u00e1s b\u011b\u017ete na odb\u011br do laborato\u0159e, kterou m\u00e1te nejbl\u00ed\u017ee. Pro \u017e\u00e1danku se m\u016f\u017eete zastavit kdykoliv v ordina\u010dn\u00edch hodin\u00e1ch, [&hellip;]<\/p>\n","protected":false},"author":1,"featured_media":0,"parent":0,"menu_order":0,"comment_status":"closed","ping_status":"closed","template":"","meta":{"footnotes":""},"class_list":["post-14","page","type-page","status-publish","hentry"],"_links":{"self":[{"href":"https:\/\/www.salvusmedeco.cz\/index.php?rest_route=\/wp\/v2\/pages\/14","targetHints":{"allow":["GET"]}}],"collection":[{"href":"https:\/\/www.salvusmedeco.cz\/index.php?rest_route=\/wp\/v2\/pages"}],"about":[{"href":"https:\/\/www.salvusmedeco.cz\/index.php?rest_route=\/wp\/v2\/types\/page"}],"author":[{"embeddable":true,"href":"https:\/\/www.salvusmedeco.cz\/index.php?rest_route=\/wp\/v2\/users\/1"}],"replies":[{"embeddable":true,"href":"https:\/\/www.salvusmedeco.cz\/index.php?rest_route=%2Fwp%2Fv2%2Fcomments&post=14"}],"version-history":[{"count":6,"href":"https:\/\/www.salvusmedeco.cz\/index.php?rest_route=\/wp\/v2\/pages\/14\/revisions"}],"predecessor-version":[{"id":64,"href":"https:\/\/www.salvusmedeco.cz\/index.php?rest_route=\/wp\/v2\/pages\/14\/revisions\/64"}],"wp:attachment":[{"href":"https:\/\/www.salvusmedeco.cz\/index.php?rest_route=%2Fwp%2Fv2%2Fmedia&parent=14"}],"curies":[{"name":"wp","href":"https:\/\/api.w.org\/{rel}","templated":true}]}}